{"id":187,"date":"2020-10-23T22:52:49","date_gmt":"2020-10-24T02:52:49","guid":{"rendered":"https:\/\/marinadelsur.cl\/?page_id=187"},"modified":"2024-12-12T17:12:06","modified_gmt":"2024-12-12T21:12:06","slug":"el-pelicano","status":"publish","type":"page","link":"https:\/\/marinadelsur.cl\/en\/el-pelicano\/","title":{"rendered":"El Pelicano"},"content":{"rendered":"<div data-elementor-type=\"wp-page\" data-elementor-id=\"187\" class=\"elementor elementor-187\" data-elementor-post-type=\"page\">\n\t\t\t\t\t\t<section class=\"elementor-section elementor-top-section elementor-element elementor-element-754556b elementor-section-full_width elementor-section-height-min-height elementor-section-height-default elementor-section-items-middle\" data-id=\"754556b\" data-element_type=\"section\" data-e-type=\"section\" data-settings=\"{&quot;background_background&quot;:&quot;classic&quot;}\">\n\t\t\t\t\t\t<div class=\"elementor-container elementor-column-gap-default\">\n\t\t\t\t\t<div class=\"elementor-column elementor-col-100 elementor-top-column elementor-element elementor-element-6a74eee\" data-id=\"6a74eee\" data-element_type=\"column\" data-e-type=\"column\">\n\t\t\t<div class=\"elementor-widget-wrap\">\n\t\t\t\t\t\t\t<\/div>\n\t\t<\/div>\n\t\t\t\t\t<\/div>\n\t\t<\/section>\n\t\t<div class=\"elementor-element elementor-element-363986a e-flex e-con-boxed e-con e-parent\" data-id=\"363986a\" data-element_type=\"container\" data-e-type=\"container\">\n\t\t\t\t\t<div class=\"e-con-inner\">\n\t\t<div class=\"elementor-element elementor-element-cfb2df8 e-con-full e-flex e-con e-child\" data-id=\"cfb2df8\" data-element_type=\"container\" data-e-type=\"container\">\n\t\t\t\t<div class=\"elementor-element elementor-element-0ff2b9e elementor-widget elementor-widget-text-editor\" data-id=\"0ff2b9e\" data-element_type=\"widget\" data-e-type=\"widget\" data-widget_type=\"text-editor.default\">\n\t\t\t\t<div class=\"elementor-widget-container\">\n\t\t\t\t\t\t\t\t\t<p>El Pel\u00edcano<\/p>\t\t\t\t\t\t\t\t<\/div>\n\t\t\t\t<\/div>\n\t\t\t\t<div class=\"elementor-element elementor-element-afe3a0d elementor-hidden-phone elementor-widget elementor-widget-text-editor\" data-id=\"afe3a0d\" data-element_type=\"widget\" data-e-type=\"widget\" data-widget_type=\"text-editor.default\">\n\t\t\t\t<div class=\"elementor-widget-container\">\n\t\t\t\t\t\t\t\t\t<p>A classic at Marina del Sur, operating since the beginning. It offers delicious homemade food at excellent prices, available in both set menu and \u00e0 la carte options, sourced from the best local suppliers.<\/p><p>With a spectacular view of the Tenglo Channel and the boats docked at the marina as a backdrop, El Pel\u00edcano offers a delightful menu featuring meats, fish, and homemade dishes. All of this is complemented by excellent wines, delicious desserts, ice creams, and premium-quality coffee beans.<\/p><p>We also prepare the most exquisite sandwiches, including steak, chicken, vegetarian options, and burgers.<\/p><p style=\"text-align: center;\">We look forward to welcoming you Monday to Friday from 9 AM to 5 PM and Saturdays from 9 AM to 2 PM.<\/p><div class=\"contactoPelicano\"><div><img decoding=\"async\" class=\"alignnone size-full wp-image-199 alignleft\" src=\"https:\/\/marina.talkk.cl\/wp-content\/uploads\/2020\/10\/Asset-20.svg\" alt=\"\" \/>\u00a0 \u00a0 <a href=\"tel:+56652251958\"><span style=\"color: #000000;\"><strong>+56-65-2251958<\/strong><\/span><\/a><\/div><div><img decoding=\"async\" class=\"size-full wp-image-200 alignnone\" src=\"https:\/\/marina.talkk.cl\/wp-content\/uploads\/2020\/10\/Asset-22.svg\" alt=\"\" \/>\u00a0 <a href=\"https:\/\/goo.gl\/maps\/eJgv7Hi56vinC3zs6\" target=\"_blank\" rel=\"noopener\"><span style=\"color: #000000;\"><strong>Camino a Chinquihue km 4,5 Puerto Montt<\/strong><\/span><\/a><\/div><\/div>\t\t\t\t\t\t\t\t<\/div>\n\t\t\t\t<\/div>\n\t\t\t\t<div class=\"elementor-element elementor-element-6d98839 elementor-hidden-desktop elementor-hidden-tablet elementor-widget elementor-widget-text-editor\" data-id=\"6d98839\" data-element_type=\"widget\" data-e-type=\"widget\" data-widget_type=\"text-editor.default\">\n\t\t\t\t<div class=\"elementor-widget-container\">\n\t\t\t\t\t\t\t\t\t<p>A classic at Marina del Sur, operating since the beginning. It offers delicious homemade food at excellent prices, available in both set menu and \u00e0 la carte options, sourced from the best local suppliers.<\/p><p>With a spectacular view of the Tenglo Channel and the boats docked at the marina as a backdrop, El Pel\u00edcano offers a delightful menu featuring meats, fish, and homemade dishes. All of this is complemented by excellent wines, delicious desserts, ice creams, and premium-quality coffee beans.<\/p><p>We also prepare the most exquisite sandwiches, including steak, chicken, vegetarian options, and burgers.<\/p><p style=\"text-align: center;\">We look forward to welcoming you Monday to Friday from 9 AM to 5 PM and Saturdays from 9 AM to 2 PM.<\/p><p><img decoding=\"async\" class=\"size-full wp-image-199 aligncenter\" src=\"https:\/\/marina.talkk.cl\/wp-content\/uploads\/2020\/10\/Asset-20.svg\" alt=\"\" \/><\/p><div style=\"text-align: center;\"><p><a href=\"tel:+56652251958\"><span style=\"color: #000000;\"><strong>+56-65-2251958<\/strong><\/span><\/a><\/p><\/div><p style=\"text-align: center;\"><img decoding=\"async\" class=\"size-full wp-image-200 aligncenter\" src=\"https:\/\/marina.talkk.cl\/wp-content\/uploads\/2020\/10\/Asset-22.svg\" alt=\"\" \/>\u00a0<a href=\"https:\/\/goo.gl\/maps\/eJgv7Hi56vinC3zs6\" target=\"_blank\" rel=\"noopener\"> <span style=\"color: #000000;\"><strong>Camino a Chinquihue km 4,5 Puerto Montt<\/strong><\/span><\/a><\/p>\t\t\t\t\t\t\t\t<\/div>\n\t\t\t\t<\/div>\n\t\t\t\t<div class=\"elementor-element elementor-element-93ce66a elementor-widget elementor-widget-text-editor\" data-id=\"93ce66a\" data-element_type=\"widget\" data-e-type=\"widget\" data-widget_type=\"text-editor.default\">\n\t\t\t\t<div class=\"elementor-widget-container\">\n\t\t\t\t\t\t\t\t\t<p>Follow us on Instagram\u00a0 \u00a0<a href=\"https:\/\/www.instagram.com\/pelicanomds\/\" target=\"_blank\" rel=\"noopener\"><img decoding=\"async\" class=\"alignnone wp-image-138\" src=\"https:\/\/marina.talkk.cl\/wp-content\/uploads\/2020\/10\/ig.svg\" alt=\"\" width=\"35\" height=\"35\" \/><\/a><\/p>\t\t\t\t\t\t\t\t<\/div>\n\t\t\t\t<\/div>\n\t\t\t\t<\/div>\n\t\t\t\t\t<\/div>\n\t\t\t\t<\/div>\n\t\t<div class=\"elementor-element elementor-element-5269755 e-con-full e-flex e-con e-parent\" data-id=\"5269755\" data-element_type=\"container\" data-e-type=\"container\">\n\t\t<div class=\"elementor-element elementor-element-5bd1993 e-con-full e-flex e-con e-child\" data-id=\"5bd1993\" data-element_type=\"container\" data-e-type=\"container\">\n\t\t\t\t<div class=\"elementor-element elementor-element-b809776 elementor-arrows-position-inside elementor-widget elementor-widget-image-carousel\" data-id=\"b809776\" data-element_type=\"widget\" data-e-type=\"widget\" data-settings=\"{&quot;slides_to_show&quot;:&quot;5&quot;,&quot;slides_to_scroll&quot;:&quot;2&quot;,&quot;navigation&quot;:&quot;arrows&quot;,&quot;autoplay&quot;:&quot;yes&quot;,&quot;pause_on_hover&quot;:&quot;yes&quot;,&quot;pause_on_interaction&quot;:&quot;yes&quot;,&quot;autoplay_speed&quot;:5000,&quot;infinite&quot;:&quot;yes&quot;,&quot;speed&quot;:500}\" data-widget_type=\"image-carousel.default\">\n\t\t\t\t<div class=\"elementor-widget-container\">\n\t\t\t\t\t\t\t<div class=\"elementor-image-carousel-wrapper swiper\" role=\"region\" aria-roledescription=\"carousel\" aria-label=\"Image Carousel\" dir=\"ltr\">\n\t\t\t<div class=\"elementor-image-carousel swiper-wrapper\" aria-live=\"off\">\n\t\t\t\t\t\t\t\t<div class=\"swiper-slide\" role=\"group\" aria-roledescription=\"slide\" aria-label=\"1 of 5\" data-no-translation-aria-label=\"\"><figure class=\"swiper-slide-inner\"><img decoding=\"async\" class=\"swiper-slide-image\" src=\"https:\/\/marinadelsur.cl\/wp-content\/uploads\/2020\/10\/IG_0000_5.jpg\" alt=\"IG_0000_5\" \/><\/figure><\/div><div class=\"swiper-slide\" role=\"group\" aria-roledescription=\"slide\" aria-label=\"2 of 5\" data-no-translation-aria-label=\"\"><figure class=\"swiper-slide-inner\"><img decoding=\"async\" class=\"swiper-slide-image\" src=\"https:\/\/marinadelsur.cl\/wp-content\/uploads\/2020\/10\/IG_0001_4.jpg\" alt=\"IG_0001_4\" \/><\/figure><\/div><div class=\"swiper-slide\" role=\"group\" aria-roledescription=\"slide\" aria-label=\"3 of 5\" data-no-translation-aria-label=\"\"><figure class=\"swiper-slide-inner\"><img decoding=\"async\" class=\"swiper-slide-image\" src=\"https:\/\/marinadelsur.cl\/wp-content\/uploads\/2020\/10\/IG_0002_3.jpg\" alt=\"IG_0002_3\" \/><\/figure><\/div><div class=\"swiper-slide\" role=\"group\" aria-roledescription=\"slide\" aria-label=\"4 of 5\" data-no-translation-aria-label=\"\"><figure class=\"swiper-slide-inner\"><img decoding=\"async\" class=\"swiper-slide-image\" src=\"https:\/\/marinadelsur.cl\/wp-content\/uploads\/2020\/10\/IG_0003_2.jpg\" alt=\"IG_0003_2\" \/><\/figure><\/div><div class=\"swiper-slide\" role=\"group\" aria-roledescription=\"slide\" aria-label=\"5 of 5\" data-no-translation-aria-label=\"\"><figure class=\"swiper-slide-inner\"><img decoding=\"async\" class=\"swiper-slide-image\" src=\"https:\/\/marinadelsur.cl\/wp-content\/uploads\/2020\/10\/IG_0004_1.jpg\" alt=\"IG_0004_1\" \/><\/figure><\/div>\t\t\t<\/div>\n\t\t\t\t\t\t\t\t\t\t\t\t<div class=\"elementor-swiper-button elementor-swiper-button-prev\" role=\"button\" tabindex=\"0\">\n\t\t\t\t\t\t<i aria-hidden=\"true\" class=\"eicon-chevron-left\"><\/i>\t\t\t\t\t<\/div>\n\t\t\t\t\t<div class=\"elementor-swiper-button elementor-swiper-button-next\" role=\"button\" tabindex=\"0\">\n\t\t\t\t\t\t<i aria-hidden=\"true\" class=\"eicon-chevron-right\"><\/i>\t\t\t\t\t<\/div>\n\t\t\t\t\n\t\t\t\t\t\t\t\t\t<\/div>\n\t\t\t\t\t\t<\/div>\n\t\t\t\t<\/div>\n\t\t\t\t<\/div>\n\t\t\t\t<\/div>\n\t\t\t\t<\/div>","protected":false},"excerpt":{"rendered":"<p>El Pel\u00edcano Un cl\u00e1sico de la Marina del Sur. Funciona desde los inicios, entregando rica comida casera con muy buenos precios, en formato men\u00fa y a la carta, abastecidos por los mejores proveedores locales. Acompa\u00f1ados de una vista espectacular al Canal de Tenglo y las embarcaciones atracadas en los muelles de la marina como tel\u00f3n [&hellip;]<\/p>\n","protected":false},"author":1,"featured_media":0,"parent":0,"menu_order":0,"comment_status":"closed","ping_status":"closed","template":"elementor_header_footer","meta":{"footnotes":""},"class_list":["post-187","page","type-page","status-publish","hentry"],"_links":{"self":[{"href":"https:\/\/marinadelsur.cl\/en\/wp-json\/wp\/v2\/pages\/187","targetHints":{"allow":["GET"]}}],"collection":[{"href":"https:\/\/marinadelsur.cl\/en\/wp-json\/wp\/v2\/pages"}],"about":[{"href":"https:\/\/marinadelsur.cl\/en\/wp-json\/wp\/v2\/types\/page"}],"author":[{"embeddable":true,"href":"https:\/\/marinadelsur.cl\/en\/wp-json\/wp\/v2\/users\/1"}],"replies":[{"embeddable":true,"href":"https:\/\/marinadelsur.cl\/en\/wp-json\/wp\/v2\/comments?post=187"}],"version-history":[{"count":27,"href":"https:\/\/marinadelsur.cl\/en\/wp-json\/wp\/v2\/pages\/187\/revisions"}],"predecessor-version":[{"id":807,"href":"https:\/\/marinadelsur.cl\/en\/wp-json\/wp\/v2\/pages\/187\/revisions\/807"}],"wp:attachment":[{"href":"https:\/\/marinadelsur.cl\/en\/wp-json\/wp\/v2\/media?parent=187"}],"curies":[{"name":"wp","href":"https:\/\/api.w.org\/{rel}","templated":true}]}}